{"id":34,"date":"2018-06-12T20:18:58","date_gmt":"2018-06-12T20:18:58","guid":{"rendered":"http:\/\/www.mittelstand-fuer-mannheim.de\/?page_id=34"},"modified":"2018-06-18T19:52:37","modified_gmt":"2018-06-18T19:52:37","slug":"vorstand","status":"publish","type":"page","link":"http:\/\/www.mittelstand-fuer-mannheim.de\/?page_id=34","title":{"rendered":"Vorstand"},"content":{"rendered":"<div class=\"n module-type-header diyfeLiveArea \">\n<h2><span class=\"diyfeDecoration\">Vorstand<\/span><\/h2>\n<\/div>\n<div class=\"n module-type-text diyfeLiveArea \">Was wir wollen<strong>\u00a0<\/strong>\u201eDie Unzufriedenheit in gro\u00dfen Teilen der Bev\u00f6lkerung ist un\u00fcberh\u00f6rbar. Der Anteil der Nichtw\u00e4hler steigt permanent. Die Leserbriefe in den Zeitungen sind angef\u00fcllt mit \u00c4rger und Verdrossenheit, sofern sie denn \u00fcberhaupt ver\u00f6ffentlicht werden. Doch Emotionen bleiben folgenlos, wenn sie nicht in konkretes Handeln einm\u00fcnden.<\/p>\n<p>Die etablierten Parteien, in weiten Teilen strukturkonservativ und skeptisch gegen\u00fcber Ver\u00e4nderungen, sind haupts\u00e4chlich damit besch\u00e4ftigt, ihre politischen Dogmen weiter zu pflegen und ihren bisherigen Stadtratsmitgliedern ein politisches \u00dcberleben zu sichern.<\/p>\n<p>Dadurch werden aber die besten, kompetentesten B\u00fcrgerinnen und B\u00fcrger verschreckt, sich in den politischen Prozess einzubringen. Mannheims Zukunft ist jedoch zu wichtig, als dass man sie allein den etablierten Parteien \u00fcberlassen darf! Als W\u00e4hlervereinigung &#8222;Mittelstand f\u00fcr Mannheim&#8220; sind wir entschlossen, einen eigenst\u00e4ndigen W\u00e4hlerwillen zu artikulieren.<\/p>\n<\/div>\n","protected":false},"excerpt":{"rendered":"<p>Vorstand Was wir wollen\u00a0\u201eDie Unzufriedenheit in gro\u00dfen Teilen der Bev\u00f6lkerung ist un\u00fcberh\u00f6rbar. Der Anteil der Nichtw\u00e4hler steigt permanent. Die Leserbriefe in den Zeitungen sind angef\u00fcllt mit \u00c4rger und Verdrossenheit, sofern sie denn \u00fcberhaupt ver\u00f6ffentlicht&#46;&#46;&#46;<\/p>\n","protected":false},"author":1,"featured_media":0,"parent":32,"menu_order":0,"comment_status":"closed","ping_status":"closed","template":"","meta":{"footnotes":""},"_links":{"self":[{"href":"http:\/\/www.mittelstand-fuer-mannheim.de\/index.php?rest_route=\/wp\/v2\/pages\/34"}],"collection":[{"href":"http:\/\/www.mittelstand-fuer-mannheim.de\/index.php?rest_route=\/wp\/v2\/pages"}],"about":[{"href":"http:\/\/www.mittelstand-fuer-mannheim.de\/index.php?rest_route=\/wp\/v2\/types\/page"}],"author":[{"embeddable":true,"href":"http:\/\/www.mittelstand-fuer-mannheim.de\/index.php?rest_route=\/wp\/v2\/users\/1"}],"replies":[{"embeddable":true,"href":"http:\/\/www.mittelstand-fuer-mannheim.de\/index.php?rest_route=%2Fwp%2Fv2%2Fcomments&post=34"}],"version-history":[{"count":2,"href":"http:\/\/www.mittelstand-fuer-mannheim.de\/index.php?rest_route=\/wp\/v2\/pages\/34\/revisions"}],"predecessor-version":[{"id":75,"href":"http:\/\/www.mittelstand-fuer-mannheim.de\/index.php?rest_route=\/wp\/v2\/pages\/34\/revisions\/75"}],"up":[{"embeddable":true,"href":"http:\/\/www.mittelstand-fuer-mannheim.de\/index.php?rest_route=\/wp\/v2\/pages\/32"}],"wp:attachment":[{"href":"http:\/\/www.mittelstand-fuer-mannheim.de\/index.php?rest_route=%2Fwp%2Fv2%2Fmedia&parent=34"}],"curies":[{"name":"wp","href":"https:\/\/api.w.org\/{rel}","templated":true}]}}