{"id":36,"date":"2018-06-12T20:19:20","date_gmt":"2018-06-12T20:19:20","guid":{"rendered":"http:\/\/www.mittelstand-fuer-mannheim.de\/?page_id=36"},"modified":"2024-05-05T18:10:41","modified_gmt":"2024-05-05T16:10:41","slug":"martin-sikora-vorsitzender","status":"publish","type":"page","link":"http:\/\/www.mittelstand-fuer-mannheim.de\/?page_id=36","title":{"rendered":"Martin Sikora, Vorsitzender"},"content":{"rendered":"<div class=\"textwrapper\">\n<h2>Martin Sikora, Vorsitzender<\/h2>\n<p><a href=\"http:\/\/www.mittelstand-fuer-mannheim.de\/wp-content\/uploads\/2018\/06\/cache_19753786.jpg\"><img loading=\"lazy\" decoding=\"async\" class=\"size-full wp-image-76 alignleft\" src=\"http:\/\/www.mittelstand-fuer-mannheim.de\/wp-content\/uploads\/2018\/06\/cache_19753786.jpg\" alt=\"\" width=\"114\" height=\"158\" \/><\/a>Ich bin Martin Sikora und 64 Jahre alt. Nach einer Lehre zum Bankkaufmann (1979) habe ich ein Studium der Volkswirtschaftslehre an der Universit\u00e4t Mannheim erfolgreich als Diplom-Volkswirt (1984) abgeschlossen.<\/p>\n<p>Nach einer Traineeausbildung zum Firmenkundenbetreuer bei einer Privatbank, arbeitete ich zun\u00e4chst als Kreditsachbearbeiter um dann durch entsprechende Fortbildungsma\u00dfnahmen auch anspruchsvolle Privatkunden betreuen zu k\u00f6nnen.<\/p>\n<p>Im Jahr 1986 wechselte ich zu einem Spezialkreditinstitut f\u00fcr Heilberufe. Dort betreute ich knapp 8 Jahre lang fast ausschlie\u00dflich \u00c4rzte, Zahn\u00e4rzte und Apotheker. In dieser Zeit qualifizierte ich mich zum genossenschaftlichen Bankbetriebswirt (ARG) fort, um mich im Jahre 1994 als Beratender Volkswirt und Versicherungsmakler selbst\u00e4ndig zu machen.<\/p>\n<p>Seit dieser Zeit, nunmehr seit fast 30 Jahren, bin ich haupts\u00e4chlich als Berater f\u00fcr Heilberufe t\u00e4tig. Im Laufe meiner selbst\u00e4ndigen T\u00e4tigkeit erweiterte sich der Kreis meiner Klienten auch auf Unternehmer, Selbst\u00e4ndige und leitende Angestellte.<\/p>\n<p>In meiner Freizeit arbeite ich gerne f\u00fcr den Jugendtreff Neckarau.<\/p>\n<\/div>\n","protected":false},"excerpt":{"rendered":"<p>Martin Sikora, Vorsitzender Ich bin Martin Sikora und 64 Jahre alt. Nach einer Lehre zum Bankkaufmann (1979) habe ich ein Studium der Volkswirtschaftslehre an der Universit\u00e4t Mannheim erfolgreich als Diplom-Volkswirt (1984) abgeschlossen. Nach einer&#46;&#46;&#46;<\/p>\n","protected":false},"author":1,"featured_media":0,"parent":32,"menu_order":0,"comment_status":"closed","ping_status":"closed","template":"","meta":{"footnotes":""},"_links":{"self":[{"href":"http:\/\/www.mittelstand-fuer-mannheim.de\/index.php?rest_route=\/wp\/v2\/pages\/36"}],"collection":[{"href":"http:\/\/www.mittelstand-fuer-mannheim.de\/index.php?rest_route=\/wp\/v2\/pages"}],"about":[{"href":"http:\/\/www.mittelstand-fuer-mannheim.de\/index.php?rest_route=\/wp\/v2\/types\/page"}],"author":[{"embeddable":true,"href":"http:\/\/www.mittelstand-fuer-mannheim.de\/index.php?rest_route=\/wp\/v2\/users\/1"}],"replies":[{"embeddable":true,"href":"http:\/\/www.mittelstand-fuer-mannheim.de\/index.php?rest_route=%2Fwp%2Fv2%2Fcomments&post=36"}],"version-history":[{"count":5,"href":"http:\/\/www.mittelstand-fuer-mannheim.de\/index.php?rest_route=\/wp\/v2\/pages\/36\/revisions"}],"predecessor-version":[{"id":270,"href":"http:\/\/www.mittelstand-fuer-mannheim.de\/index.php?rest_route=\/wp\/v2\/pages\/36\/revisions\/270"}],"up":[{"embeddable":true,"href":"http:\/\/www.mittelstand-fuer-mannheim.de\/index.php?rest_route=\/wp\/v2\/pages\/32"}],"wp:attachment":[{"href":"http:\/\/www.mittelstand-fuer-mannheim.de\/index.php?rest_route=%2Fwp%2Fv2%2Fmedia&parent=36"}],"curies":[{"name":"wp","href":"https:\/\/api.w.org\/{rel}","templated":true}]}}