{"id":5,"date":"2018-06-12T19:43:08","date_gmt":"2018-06-12T19:43:08","guid":{"rendered":"http:\/\/www.mittelstand-fuer-mannheim.de\/?page_id=5"},"modified":"2024-05-05T12:19:13","modified_gmt":"2024-05-05T10:19:13","slug":"ueberzeugungen","status":"publish","type":"page","link":"http:\/\/www.mittelstand-fuer-mannheim.de\/?page_id=5","title":{"rendered":"\u00dcberzeugungen"},"content":{"rendered":"<div class=\"n module-type-text diyfeLiveArea \">\n<p>Wof\u00fcr setzt Mittelstand f\u00fcr Mannheim sich eigentlich ein? Eine Frage, die wir Ihnen an dieser Stelle gerne beantworten m\u00f6chte.<\/p>\n<p>Als parteiunabh\u00e4ngige Vereinigung setzen wir uns unabh\u00e4ngig f\u00fcr die Belange unserer B\u00fcrgerinnen und B\u00fcrger ein. Wir empfinden es als wichtig, sich wieder auf Werte zu konzentrieren, die in den Hintergrund gerieten. Dazu z\u00e4hlt die St\u00e4rkung der Demokratie und somit der Einsatz f\u00fcr eine starke Stimme der Bev\u00f6lkerung. Nur wenn wir alle etwas tun, k\u00f6nnen wir etwas bewegen.<\/p>\n<p>Lokalpolitik bedeutet, die Bed\u00fcrfnisse eines Ortes in den Vordergrund zu stellen und dabei mit Langfristigkeit zu planen. Auch f\u00fcr und die Region sind Bildung und Forschung, Kinder und Sozialpolitik Schwerpunkte, die wir f\u00f6rdern m\u00fcssen.<\/p>\n<p>In unserer politischen Arbeit m\u00f6chten wir Wege aufzeigen und anschlie\u00dfend gehen, um uns zukunftssicher aufzustellen und so das Gemeinwesen weiter zu st\u00e4rken. Wir sind keine Ideologen, sondern Realisten und freuen uns darauf, diese Aufgabe gemeinsam mit Ihnen umzusetzen!<\/p>\n<\/div>\n<div class=\"n module-type-text diyfeLiveArea \">\n<p>Haben Sie Fragen zu unseren \u00dcberzeugungen? Dann freuen wir uns \u00fcber Ihre <a href=\"http:\/\/www.mittelstand-fuer-mannheim.de\/?page_id=6\">Kontaktaufnahme<\/a>!<\/p>\n<\/div>\n","protected":false},"excerpt":{"rendered":"<p>Wof\u00fcr setzt Mittelstand f\u00fcr Mannheim sich eigentlich ein? Eine Frage, die wir Ihnen an dieser Stelle gerne beantworten m\u00f6chte. Als parteiunabh\u00e4ngige Vereinigung setzen wir uns unabh\u00e4ngig f\u00fcr die Belange unserer B\u00fcrgerinnen und B\u00fcrger ein.&#46;&#46;&#46;<\/p>\n","protected":false},"author":1,"featured_media":0,"parent":0,"menu_order":0,"comment_status":"closed","ping_status":"closed","template":"","meta":{"footnotes":""},"_links":{"self":[{"href":"http:\/\/www.mittelstand-fuer-mannheim.de\/index.php?rest_route=\/wp\/v2\/pages\/5"}],"collection":[{"href":"http:\/\/www.mittelstand-fuer-mannheim.de\/index.php?rest_route=\/wp\/v2\/pages"}],"about":[{"href":"http:\/\/www.mittelstand-fuer-mannheim.de\/index.php?rest_route=\/wp\/v2\/types\/page"}],"author":[{"embeddable":true,"href":"http:\/\/www.mittelstand-fuer-mannheim.de\/index.php?rest_route=\/wp\/v2\/users\/1"}],"replies":[{"embeddable":true,"href":"http:\/\/www.mittelstand-fuer-mannheim.de\/index.php?rest_route=%2Fwp%2Fv2%2Fcomments&post=5"}],"version-history":[{"count":3,"href":"http:\/\/www.mittelstand-fuer-mannheim.de\/index.php?rest_route=\/wp\/v2\/pages\/5\/revisions"}],"predecessor-version":[{"id":266,"href":"http:\/\/www.mittelstand-fuer-mannheim.de\/index.php?rest_route=\/wp\/v2\/pages\/5\/revisions\/266"}],"wp:attachment":[{"href":"http:\/\/www.mittelstand-fuer-mannheim.de\/index.php?rest_route=%2Fwp%2Fv2%2Fmedia&parent=5"}],"curies":[{"name":"wp","href":"https:\/\/api.w.org\/{rel}","templated":true}]}}