{"id":80,"date":"2018-06-18T19:56:49","date_gmt":"2018-06-18T19:56:49","guid":{"rendered":"http:\/\/www.mittelstand-fuer-mannheim.de\/?page_id=80"},"modified":"2024-05-05T18:11:35","modified_gmt":"2024-05-05T16:11:35","slug":"klaus-leitz-stellvertretender-vorsitzender","status":"publish","type":"page","link":"http:\/\/www.mittelstand-fuer-mannheim.de\/?page_id=80","title":{"rendered":"Wolfgang Taubert, stellvertretender Vorsitzender"},"content":{"rendered":"<div class=\"textwrapper\">\n<h2>Wolfgang Taubert, stellvertretender Vorsitzender<\/h2>\n<p><a href=\"http:\/\/www.mittelstand-fuer-mannheim.de\/wp-content\/uploads\/2018\/10\/Taubert-Maimarkt1.jpg\"><img loading=\"lazy\" decoding=\"async\" class=\"alignleft wp-image-112\" src=\"http:\/\/www.mittelstand-fuer-mannheim.de\/wp-content\/uploads\/2018\/10\/Taubert-Maimarkt1-239x300.jpg\" alt=\"\" width=\"140\" height=\"175\" srcset=\"http:\/\/www.mittelstand-fuer-mannheim.de\/wp-content\/uploads\/2018\/10\/Taubert-Maimarkt1-239x300.jpg 239w, http:\/\/www.mittelstand-fuer-mannheim.de\/wp-content\/uploads\/2018\/10\/Taubert-Maimarkt1-768x963.jpg 768w, http:\/\/www.mittelstand-fuer-mannheim.de\/wp-content\/uploads\/2018\/10\/Taubert-Maimarkt1-817x1024.jpg 817w, http:\/\/www.mittelstand-fuer-mannheim.de\/wp-content\/uploads\/2018\/10\/Taubert-Maimarkt1.jpg 876w\" sizes=\"(max-width: 140px) 100vw, 140px\" \/><\/a>Meine Familie ist f\u00fcr mich ein\u00a0wichtiger Ankerpunkt und Ruhepol.<\/p>\n<p>Eine weitere gro\u00dfe Leidenschaft neben der lokalen Politik ist die Musik.<\/p>\n<p>Ebenso geh\u00f6rt auch das gesellschaftliche Engagement zu den Aufgaben, denen ich mich gerne in meiner Freizeit widme. Ich unterst\u00fctze verschiedenste Vereine der Region durch ehrenamtliche T\u00e4tigkeiten.<\/p>\n<\/div>\n","protected":false},"excerpt":{"rendered":"<p>Wolfgang Taubert, stellvertretender Vorsitzender Meine Familie ist f\u00fcr mich ein\u00a0wichtiger Ankerpunkt und Ruhepol. Eine weitere gro\u00dfe Leidenschaft neben der lokalen Politik ist die Musik. Ebenso geh\u00f6rt auch das gesellschaftliche Engagement zu den Aufgaben, denen&#46;&#46;&#46;<\/p>\n","protected":false},"author":1,"featured_media":0,"parent":32,"menu_order":0,"comment_status":"closed","ping_status":"closed","template":"","meta":{"footnotes":""},"_links":{"self":[{"href":"http:\/\/www.mittelstand-fuer-mannheim.de\/index.php?rest_route=\/wp\/v2\/pages\/80"}],"collection":[{"href":"http:\/\/www.mittelstand-fuer-mannheim.de\/index.php?rest_route=\/wp\/v2\/pages"}],"about":[{"href":"http:\/\/www.mittelstand-fuer-mannheim.de\/index.php?rest_route=\/wp\/v2\/types\/page"}],"author":[{"embeddable":true,"href":"http:\/\/www.mittelstand-fuer-mannheim.de\/index.php?rest_route=\/wp\/v2\/users\/1"}],"replies":[{"embeddable":true,"href":"http:\/\/www.mittelstand-fuer-mannheim.de\/index.php?rest_route=%2Fwp%2Fv2%2Fcomments&post=80"}],"version-history":[{"count":6,"href":"http:\/\/www.mittelstand-fuer-mannheim.de\/index.php?rest_route=\/wp\/v2\/pages\/80\/revisions"}],"predecessor-version":[{"id":271,"href":"http:\/\/www.mittelstand-fuer-mannheim.de\/index.php?rest_route=\/wp\/v2\/pages\/80\/revisions\/271"}],"up":[{"embeddable":true,"href":"http:\/\/www.mittelstand-fuer-mannheim.de\/index.php?rest_route=\/wp\/v2\/pages\/32"}],"wp:attachment":[{"href":"http:\/\/www.mittelstand-fuer-mannheim.de\/index.php?rest_route=%2Fwp%2Fv2%2Fmedia&parent=80"}],"curies":[{"name":"wp","href":"https:\/\/api.w.org\/{rel}","templated":true}]}}